{"id":40901,"date":"2025-10-17T15:20:33","date_gmt":"2025-10-17T20:20:33","guid":{"rendered":"https:\/\/assetmanagementprofessionals.org\/?page_id=40901"},"modified":"2026-03-26T16:08:26","modified_gmt":"2026-03-26T21:08:26","slug":"who-is-a-certified-reliability-leader","status":"publish","type":"page","link":"https:\/\/assetmanagementprofessionals.org\/es\/who-is-a-certified-reliability-leader\/","title":{"rendered":"Qui\u00e9n es un Certified Reliability Leader\u00ae?"},"content":{"rendered":"<div data-elementor-type=\"wp-page\" data-elementor-id=\"40901\" class=\"elementor elementor-40901\" data-elementor-post-type=\"page\">\n\t\t\t\t<div class=\"elementor-element elementor-element-319da42 e-flex e-con-boxed e-con e-parent\" data-id=\"319da42\" data-element_type=\"container\" data-e-type=\"container\">\n\t\t\t\t\t<div class=\"e-con-inner\">\n\t\t\t\t<div class=\"elementor-element elementor-element-887d76d elementor-widget elementor-widget-heading\" data-id=\"887d76d\" data-element_type=\"widget\" data-e-type=\"widget\" data-widget_type=\"heading.default\">\n\t\t\t\t\t<h4 class=\"elementor-heading-title elementor-size-default\">Registro de Certified Reliability Leaders\u00ae(CRLs)<\/h4>\t\t\t\t<\/div>\n\t\t<div class=\"elementor-element elementor-element-53b8d03 e-con-full e-flex e-con e-child\" data-id=\"53b8d03\" data-element_type=\"container\" data-e-type=\"container\">\n\t\t<div class=\"elementor-element elementor-element-29ef753 e-con-full e-flex e-con e-child\" data-id=\"29ef753\" data-element_type=\"container\" data-e-type=\"container\">\n\t\t\t\t<div class=\"elementor-element elementor-element-8e3e268 elementor-widget elementor-widget-text-editor\" data-id=\"8e3e268\" data-element_type=\"widget\" data-e-type=\"widget\" data-widget_type=\"text-editor.default\">\n\t\t\t\t\t\t\t\t\t<p>This page validates Certified Reliability Leaders\u00ae (CRLs) in good standing. The CRL Certification is a globally recognized benchmark for reliability and asset management excellence. Use the search below to authenticate the credentials of a CRL using name, last name or CRL Number.<\/p>\t\t\t\t\t\t\t\t<\/div>\n\t\t\t\t<\/div>\n\t\t<div class=\"elementor-element elementor-element-5714648 e-con-full e-flex e-con e-child\" data-id=\"5714648\" data-element_type=\"container\" data-e-type=\"container\">\n\t\t\t\t<div class=\"elementor-element elementor-element-917b0af content-align-center the7-hover-visibility-disabled transform-overlay-yes exceeding-frame-yes elementor-widget elementor-widget-the7-image-widget\" data-id=\"917b0af\" data-element_type=\"widget\" data-e-type=\"widget\" data-settings=\"{&quot;hover_visibility&quot;:&quot;disabled&quot;}\" data-widget_type=\"the7-image-widget.default\">\n\t\t\t\t<div class=\"elementor-widget-container\">\n\t\t\t\t\t<div class=\"the7-image-container\"><div class=\"the7-image-wrapper the7-elementor-widget the7-transform-container\"><div class=\"post-thumbnail-rollover layzr-bg img-css-resize-wrapper\"><img decoding=\"async\" width=\"150\" height=\"150\" src=\"data:image\/svg+xml,%3Csvg%20xmlns%3D&#039;http%3A%2F%2Fwww.w3.org%2F2000%2Fsvg&#039;%20viewBox%3D&#039;0%200%20150%20150&#039;%2F%3E\" class=\"attachment-thumbnail size-thumbnail preload-me aspect lazy lazy-load\" alt=\"Certified Reliability Leader\" sizes=\"(max-width: 150px) 100vw, 150px\" style=\"--ratio: 150 \/ 150;\" data-src=\"https:\/\/assetmanagementprofessionals.org\/wp-content\/uploads\/2025\/11\/CRL-150x150.png\" loading=\"eager\" data-srcset=\"https:\/\/assetmanagementprofessionals.org\/wp-content\/uploads\/2025\/11\/CRL-150x150.png 150w, https:\/\/assetmanagementprofessionals.org\/wp-content\/uploads\/2025\/11\/CRL-300x300.png 300w, https:\/\/assetmanagementprofessionals.org\/wp-content\/uploads\/2025\/11\/CRL-200x200.png 200w, https:\/\/assetmanagementprofessionals.org\/wp-content\/uploads\/2025\/11\/CRL.png 497w\" \/><\/div><\/div><\/div>\t\t\t\t<\/div>\n\t\t\t\t<\/div>\n\t\t\t\t<\/div>\n\t\t\t\t<\/div>\n\t\t<div class=\"elementor-element elementor-element-2a781bd e-con-full e-flex e-con e-child\" data-id=\"2a781bd\" data-element_type=\"container\" data-e-type=\"container\">\n\t\t<div class=\"elementor-element elementor-element-86a596b e-con-full e-flex e-con e-child\" data-id=\"86a596b\" data-element_type=\"container\" data-e-type=\"container\">\n\t\t\t\t<div class=\"elementor-element elementor-element-67cf6e1 elementor-widget elementor-widget-text-editor\" data-id=\"67cf6e1\" data-element_type=\"widget\" data-e-type=\"widget\" data-widget_type=\"text-editor.default\">\n\t\t\t\t\t\t\t\t\t<p style=\"text-align: center;\"><strong>IMPORTANTE:<\/strong> Estamos constantemente actualizando nuestros registros. Recuerde la certificaci\u00f3n CRL es v\u00e1lida por 3 a\u00f1os. <b>Para saber como recertificar, <a href=\"https:\/\/assetmanagementprofessionals.org\/es\/recertify-as-a-certified-reliability-leader\/\">haga click aqu\u00ed<\/a>.<\/b><\/p><p style=\"text-align: center;\"><em>Si encontr\u00f3 un error en la informaci\u00f3n desplegada, por favor contactar a <a href=\"mailto:crm@assetmanagementprofessionals.org\">crm@assetmanagementprofessionals.org\u00a0<\/a><\/em><\/p>\t\t\t\t\t\t\t\t<\/div>\n\t\t\t\t<\/div>\n\t\t<div class=\"elementor-element elementor-element-67444f0 e-con-full e-flex e-con e-child\" data-id=\"67444f0\" data-element_type=\"container\" data-e-type=\"container\">\n\t\t<div class=\"elementor-element elementor-element-abe4a2e e-con-full e-flex e-con e-child\" data-id=\"abe4a2e\" data-element_type=\"container\" data-e-type=\"container\" data-settings=\"{&quot;background_background&quot;:&quot;classic&quot;}\">\n\t\t\t\t<div class=\"elementor-element elementor-element-ce634d5 content-align-center icon-box-vertical-align-top icon-position-left icon-vertical-align-start elementor-widget elementor-widget-the7_icon_box_widget\" data-id=\"ce634d5\" data-element_type=\"widget\" data-e-type=\"widget\" data-widget_type=\"the7_icon_box_widget.default\">\n\t\t\t\t<div class=\"elementor-widget-container\">\n\t\t\t\t\t\n\t\t<a class=\"the7-box-wrapper the7-elementor-widget box-hover the7_icon_box_widget-ce634d5\" href=\"https:\/\/assetmanagementprofessionals.org\/wp-content\/uploads\/2026\/03\/Guidelines-Credly.pdf\" target=\"_blank\">\t\t\t<div class=\"box-content-wrapper\">\n\t\t\t\t\t\t\t\t\t<div class=\"elementor-icon-div\">\t\t\t\t\t\t<div class=\"elementor-icon\">\n\t\t\t\t\t\t\t<svg aria-hidden=\"true\" class=\"e-font-icon-svg e-fas-share\" viewbox=\"0 0 512 512\" xmlns=\"http:\/\/www.w3.org\/2000\/svg\"><path d=\"M503.691 189.836L327.687 37.851C312.281 24.546 288 35.347 288 56.015v80.053C127.371 137.907 0 170.1 0 322.326c0 61.441 39.581 122.309 83.333 154.132 13.653 9.931 33.111-2.533 28.077-18.631C66.066 312.814 132.917 274.316 288 272.085V360c0 20.7 24.3 31.453 39.687 18.164l176.004-152c11.071-9.562 11.086-26.753 0-36.328z\"><\/path><\/svg>\t\t\t\t\t\t<\/div>\n\t\t\t\t\t<\/div>\t\t\t\t\t\t\t\t<div class=\"box-content\">\n\t\t\t\t\t\t\t\t\t\t\t\t\t\t\t\t\t<h5 class=\"box-heading\">\n\t\t\t\t\t\t\t\t\t\t\t\t\t\t\tShare your CRL badge\t\t\t\t\t\t\t\t\t\t\t\t\t<\/h5>\n\t\t\t\t\t\t\t\t\t\t\t\t\t\t\t\t<div class=\"box-description\">Here are the guidelines to download and share your Certified Reliability Leader\u00ae badge from Credly. <\/div>\n\t\t\t\t\t\n\t\t\t\t\t<div class=\"box-button elementor-button elementor-size-xs\">Download Guide<\/div>\n\t\t\t\t<\/div>\n\t\t\t<\/div>\n\t\t<\/a>\t\t\t\t\t<\/div>\n\t\t\t\t<\/div>\n\t\t\t\t<\/div>\n\t\t\t\t<\/div>\n\t\t\t\t<\/div>\n\t\t\t\t<div class=\"elementor-element elementor-element-99fbc2a elementor-widget elementor-widget-html\" data-id=\"99fbc2a\" data-element_type=\"widget\" data-e-type=\"widget\" data-widget_type=\"html.default\">\n\t\t\t\t\t<iframe class=\"lazyload\" data-src=\"https:\/\/assetmanagementprofessionals.org\/CRL-list-latest.html\" width=\"100%\" height=\"500px\"><\/iframe>\t\t\t\t<\/div>\n\t\t\t\t\t<\/div>\n\t\t\t\t<\/div>\n\t\t\t\t<\/div>","protected":false},"excerpt":{"rendered":"<p>Certified Reliability Leader\u00ae(CRLs) Registry This page validates Certified Reliability Leaders\u00ae (CRLs) in good standing. The CRL Certification is a globally recognized benchmark for reliability and asset management excellence. Use the&hellip;<\/p>","protected":false},"author":1,"featured_media":0,"parent":0,"menu_order":20,"comment_status":"closed","ping_status":"closed","template":"","meta":{"_price":"","_stock":"","_tribe_ticket_header":"","_tribe_default_ticket_provider":"","_tribe_ticket_capacity":"0","_ticket_start_date":"","_ticket_end_date":"","_tribe_ticket_show_description":"","_tribe_ticket_show_not_going":false,"_tribe_ticket_use_global_stock":"","_tribe_ticket_global_stock_level":"","_global_stock_mode":"","_global_stock_cap":"","_tribe_rsvp_for_event":"","_tribe_ticket_going_count":"","_tribe_ticket_not_going_count":"","_tribe_tickets_list":"[]","_tribe_ticket_has_attendee_info_fields":false,"footnotes":"","_tec_slr_enabled":"","_tec_slr_layout":""},"class_list":["post-40901","page","type-page","status-publish","hentry"],"yoast_head":"<!-- This site is optimized with the Yoast SEO plugin v27.3 - https:\/\/yoast.com\/product\/yoast-seo-wordpress\/ -->\n<title>Who is a CRL? - Association of Asset Management Professionals<\/title>\n<meta name=\"description\" content=\"Names of certified professionals with the Certified Reliability Leader\u00ae. certification\" \/>\n<meta name=\"robots\" content=\"index, follow, max-snippet:-1, max-image-preview:large, max-video-preview:-1\" \/>\n<link rel=\"canonical\" href=\"https:\/\/assetmanagementprofessionals.org\/es\/who-is-a-certified-reliability-leader\/\" \/>\n<meta property=\"og:locale\" content=\"es_ES\" \/>\n<meta property=\"og:type\" content=\"article\" \/>\n<meta property=\"og:title\" content=\"Who is a CRL? - Association of Asset Management Professionals\" \/>\n<meta property=\"og:description\" content=\"Names of certified professionals with the Certified Reliability Leader\u00ae. certification\" \/>\n<meta property=\"og:url\" content=\"https:\/\/assetmanagementprofessionals.org\/es\/who-is-a-certified-reliability-leader\/\" \/>\n<meta property=\"og:site_name\" content=\"Association of Asset Management Professionals\" \/>\n<meta property=\"article:modified_time\" content=\"2026-03-26T21:08:26+00:00\" \/>\n<meta property=\"og:image\" content=\"https:\/\/assetmanagementprofessionals.org\/wp-content\/uploads\/2025\/11\/CRL.png\" \/>\n\t<meta property=\"og:image:width\" content=\"497\" \/>\n\t<meta property=\"og:image:height\" content=\"497\" \/>\n\t<meta property=\"og:image:type\" content=\"image\/png\" \/>\n<meta name=\"twitter:card\" content=\"summary_large_image\" \/>\n<meta name=\"twitter:label1\" content=\"Tiempo de lectura\" \/>\n\t<meta name=\"twitter:data1\" content=\"1 minuto\" \/>\n<script type=\"application\/ld+json\" class=\"yoast-schema-graph\">{\"@context\":\"https:\\\/\\\/schema.org\",\"@graph\":[{\"@type\":\"WebPage\",\"@id\":\"https:\\\/\\\/assetmanagementprofessionals.org\\\/who-is-a-certified-reliability-leader\\\/\",\"url\":\"https:\\\/\\\/assetmanagementprofessionals.org\\\/who-is-a-certified-reliability-leader\\\/\",\"name\":\"Who is a CRL? - Association of Asset Management Professionals\",\"isPartOf\":{\"@id\":\"https:\\\/\\\/assetmanagementprofessionals.org\\\/#website\"},\"datePublished\":\"2025-10-17T20:20:33+00:00\",\"dateModified\":\"2026-03-26T21:08:26+00:00\",\"description\":\"Names of certified professionals with the Certified Reliability Leader\u00ae. certification\",\"breadcrumb\":{\"@id\":\"https:\\\/\\\/assetmanagementprofessionals.org\\\/who-is-a-certified-reliability-leader\\\/#breadcrumb\"},\"inLanguage\":\"es\",\"potentialAction\":[{\"@type\":\"ReadAction\",\"target\":[\"https:\\\/\\\/assetmanagementprofessionals.org\\\/who-is-a-certified-reliability-leader\\\/\"]}]},{\"@type\":\"BreadcrumbList\",\"@id\":\"https:\\\/\\\/assetmanagementprofessionals.org\\\/who-is-a-certified-reliability-leader\\\/#breadcrumb\",\"itemListElement\":[{\"@type\":\"ListItem\",\"position\":1,\"name\":\"Home\",\"item\":\"https:\\\/\\\/assetmanagementprofessionals.org\\\/\"},{\"@type\":\"ListItem\",\"position\":2,\"name\":\"Who is a Certified Reliability Leader\"}]},{\"@type\":\"WebSite\",\"@id\":\"https:\\\/\\\/assetmanagementprofessionals.org\\\/#website\",\"url\":\"https:\\\/\\\/assetmanagementprofessionals.org\\\/\",\"name\":\"Association of Asset Management Professionals\",\"description\":\"\",\"publisher\":{\"@id\":\"https:\\\/\\\/assetmanagementprofessionals.org\\\/#organization\"},\"alternateName\":\"AMP\",\"potentialAction\":[{\"@type\":\"SearchAction\",\"target\":{\"@type\":\"EntryPoint\",\"urlTemplate\":\"https:\\\/\\\/assetmanagementprofessionals.org\\\/?s={search_term_string}\"},\"query-input\":{\"@type\":\"PropertyValueSpecification\",\"valueRequired\":true,\"valueName\":\"search_term_string\"}}],\"inLanguage\":\"es\"},{\"@type\":\"Organization\",\"@id\":\"https:\\\/\\\/assetmanagementprofessionals.org\\\/#organization\",\"name\":\"Association of Asset Management Professionals\",\"url\":\"https:\\\/\\\/assetmanagementprofessionals.org\\\/\",\"logo\":{\"@type\":\"ImageObject\",\"inLanguage\":\"es\",\"@id\":\"https:\\\/\\\/assetmanagementprofessionals.org\\\/#\\\/schema\\\/logo\\\/image\\\/\",\"url\":\"https:\\\/\\\/assetmanagementprofessionals.org\\\/wp-content\\\/uploads\\\/2025\\\/10\\\/amp-logo.png\",\"contentUrl\":\"https:\\\/\\\/assetmanagementprofessionals.org\\\/wp-content\\\/uploads\\\/2025\\\/10\\\/amp-logo.png\",\"width\":720,\"height\":226,\"caption\":\"Association of Asset Management Professionals\"},\"image\":{\"@id\":\"https:\\\/\\\/assetmanagementprofessionals.org\\\/#\\\/schema\\\/logo\\\/image\\\/\"}}]}<\/script>\n<!-- \/ Yoast SEO plugin. -->","yoast_head_json":{"title":"Who is a CRL? - Association of Asset Management Professionals","description":"Names of certified professionals with the Certified Reliability Leader\u00ae. certification","robots":{"index":"index","follow":"follow","max-snippet":"max-snippet:-1","max-image-preview":"max-image-preview:large","max-video-preview":"max-video-preview:-1"},"canonical":"https:\/\/assetmanagementprofessionals.org\/es\/who-is-a-certified-reliability-leader\/","og_locale":"es_ES","og_type":"article","og_title":"Who is a CRL? - Association of Asset Management Professionals","og_description":"Names of certified professionals with the Certified Reliability Leader\u00ae. certification","og_url":"https:\/\/assetmanagementprofessionals.org\/es\/who-is-a-certified-reliability-leader\/","og_site_name":"Association of Asset Management Professionals","article_modified_time":"2026-03-26T21:08:26+00:00","og_image":[{"width":497,"height":497,"url":"https:\/\/assetmanagementprofessionals.org\/wp-content\/uploads\/2025\/11\/CRL.png","type":"image\/png"}],"twitter_card":"summary_large_image","twitter_misc":{"Tiempo de lectura":"1 minuto"},"schema":{"@context":"https:\/\/schema.org","@graph":[{"@type":"WebPage","@id":"https:\/\/assetmanagementprofessionals.org\/who-is-a-certified-reliability-leader\/","url":"https:\/\/assetmanagementprofessionals.org\/who-is-a-certified-reliability-leader\/","name":"Who is a CRL? - Association of Asset Management Professionals","isPartOf":{"@id":"https:\/\/assetmanagementprofessionals.org\/#website"},"datePublished":"2025-10-17T20:20:33+00:00","dateModified":"2026-03-26T21:08:26+00:00","description":"Names of certified professionals with the Certified Reliability Leader\u00ae. certification","breadcrumb":{"@id":"https:\/\/assetmanagementprofessionals.org\/who-is-a-certified-reliability-leader\/#breadcrumb"},"inLanguage":"es","potentialAction":[{"@type":"ReadAction","target":["https:\/\/assetmanagementprofessionals.org\/who-is-a-certified-reliability-leader\/"]}]},{"@type":"BreadcrumbList","@id":"https:\/\/assetmanagementprofessionals.org\/who-is-a-certified-reliability-leader\/#breadcrumb","itemListElement":[{"@type":"ListItem","position":1,"name":"Home","item":"https:\/\/assetmanagementprofessionals.org\/"},{"@type":"ListItem","position":2,"name":"Who is a Certified Reliability Leader"}]},{"@type":"WebSite","@id":"https:\/\/assetmanagementprofessionals.org\/#website","url":"https:\/\/assetmanagementprofessionals.org\/","name":"Association of Asset Management Professionals","description":"","publisher":{"@id":"https:\/\/assetmanagementprofessionals.org\/#organization"},"alternateName":"AMP","potentialAction":[{"@type":"SearchAction","target":{"@type":"EntryPoint","urlTemplate":"https:\/\/assetmanagementprofessionals.org\/?s={search_term_string}"},"query-input":{"@type":"PropertyValueSpecification","valueRequired":true,"valueName":"search_term_string"}}],"inLanguage":"es"},{"@type":"Organization","@id":"https:\/\/assetmanagementprofessionals.org\/#organization","name":"Association of Asset Management Professionals","url":"https:\/\/assetmanagementprofessionals.org\/","logo":{"@type":"ImageObject","inLanguage":"es","@id":"https:\/\/assetmanagementprofessionals.org\/#\/schema\/logo\/image\/","url":"https:\/\/assetmanagementprofessionals.org\/wp-content\/uploads\/2025\/10\/amp-logo.png","contentUrl":"https:\/\/assetmanagementprofessionals.org\/wp-content\/uploads\/2025\/10\/amp-logo.png","width":720,"height":226,"caption":"Association of Asset Management Professionals"},"image":{"@id":"https:\/\/assetmanagementprofessionals.org\/#\/schema\/logo\/image\/"}}]}},"ticketed":false,"_links":{"self":[{"href":"https:\/\/assetmanagementprofessionals.org\/es\/wp-json\/wp\/v2\/pages\/40901","targetHints":{"allow":["GET"]}}],"collection":[{"href":"https:\/\/assetmanagementprofessionals.org\/es\/wp-json\/wp\/v2\/pages"}],"about":[{"href":"https:\/\/assetmanagementprofessionals.org\/es\/wp-json\/wp\/v2\/types\/page"}],"author":[{"embeddable":true,"href":"https:\/\/assetmanagementprofessionals.org\/es\/wp-json\/wp\/v2\/users\/1"}],"replies":[{"embeddable":true,"href":"https:\/\/assetmanagementprofessionals.org\/es\/wp-json\/wp\/v2\/comments?post=40901"}],"version-history":[{"count":86,"href":"https:\/\/assetmanagementprofessionals.org\/es\/wp-json\/wp\/v2\/pages\/40901\/revisions"}],"predecessor-version":[{"id":47199,"href":"https:\/\/assetmanagementprofessionals.org\/es\/wp-json\/wp\/v2\/pages\/40901\/revisions\/47199"}],"wp:attachment":[{"href":"https:\/\/assetmanagementprofessionals.org\/es\/wp-json\/wp\/v2\/media?parent=40901"}],"curies":[{"name":"wp","href":"https:\/\/api.w.org\/{rel}","templated":true}]}}