{"id":41759,"date":"2025-10-27T16:02:16","date_gmt":"2025-10-27T21:02:16","guid":{"rendered":"https:\/\/assetmanagementprofessionals.org\/?page_id=41759"},"modified":"2025-12-19T13:18:14","modified_gmt":"2025-12-19T18:18:14","slug":"chile-chapter","status":"publish","type":"page","link":"https:\/\/assetmanagementprofessionals.org\/es\/chile-chapter\/","title":{"rendered":"Chile Chapter"},"content":{"rendered":"<div data-elementor-type=\"wp-page\" data-elementor-id=\"41759\" class=\"elementor elementor-41759\" data-elementor-post-type=\"page\">\n\t\t\t\t<div class=\"elementor-element elementor-element-319da42 e-con-full e-flex e-con e-parent\" data-id=\"319da42\" data-element_type=\"container\" data-e-type=\"container\">\n\t\t<div class=\"elementor-element elementor-element-a58a33d e-flex e-con-boxed e-con e-child\" data-id=\"a58a33d\" data-element_type=\"container\" data-e-type=\"container\">\n\t\t\t\t\t<div class=\"e-con-inner\">\n\t\t\t\t<div class=\"elementor-element elementor-element-3137173 elementor-widget elementor-widget-text-editor\" data-id=\"3137173\" data-element_type=\"widget\" data-e-type=\"widget\" data-widget_type=\"text-editor.default\">\n\t\t\t\t\t\t\t\t\t<h1>Chile Chapter <img decoding=\"async\" class=\"alignnone wp-image-42482 lazyload\" src=\"data:image\/gif;base64,R0lGODlhAQABAIAAAAAAAP\/\/\/yH5BAEAAAAALAAAAAABAAEAAAIBRAA7\" data-src=\"https:\/\/assetmanagementprofessionals.org\/wp-content\/uploads\/2025\/10\/CHILE-300x225.png\" alt=\"\" width=\"40\" height=\"30\" \/><noscript><img decoding=\"async\" class=\"alignnone wp-image-42482 lazyload\" src=\"https:\/\/assetmanagementprofessionals.org\/wp-content\/uploads\/2025\/10\/CHILE-300x225.png\" alt=\"\" width=\"40\" height=\"30\" srcset=\"https:\/\/assetmanagementprofessionals.org\/wp-content\/uploads\/2025\/10\/CHILE-300x225.png 300w, https:\/\/assetmanagementprofessionals.org\/wp-content\/uploads\/2025\/10\/CHILE.png 400w\" sizes=\"(max-width: 40px) 100vw, 40px\" \/><\/noscript><\/h1>\t\t\t\t\t\t\t\t<\/div>\n\t\t\t\t<div class=\"elementor-element elementor-element-3bab66a elementor-widget elementor-widget-heading\" data-id=\"3bab66a\" data-element_type=\"widget\" data-e-type=\"widget\" data-widget_type=\"heading.default\">\n\t\t\t\t\t<h5 class=\"elementor-heading-title elementor-size-default\"><a href=\"https:\/\/assetmanagementprofessionals.org\/es\/global-asset-management-chapters\/\">&lt;- Back to all Chapters \n\n<\/a><\/h5>\t\t\t\t<\/div>\n\t\t\t\t\t<\/div>\n\t\t\t\t<\/div>\n\t\t<div class=\"elementor-element elementor-element-f44d745 e-flex e-con-boxed e-con e-child\" data-id=\"f44d745\" data-element_type=\"container\" data-e-type=\"container\">\n\t\t\t\t\t<div class=\"e-con-inner\">\n\t\t\t\t<div class=\"elementor-element elementor-element-e4275e2 elementor-widget__width-inherit elementor-widget elementor-widget-html\" data-id=\"e4275e2\" data-element_type=\"widget\" data-e-type=\"widget\" data-widget_type=\"html.default\">\n\t\t\t\t\t<iframe class=\"lazyload\" width=\"100%\" height=\"400\" data-src=\"https:\/\/www.youtube.com\/embed\/videoseries?si=JLquZnLak9ayjB8_&amp;list=PL9jNJHzOEWUGvg0_nStTl6N0YZOsLB393\" title=\"YouTube video player\" frameborder=\"0\" allow=\"accelerometer; autoplay; clipboard-write; encrypted-media; gyroscope; picture-in-picture; web-share\" referrerpolicy=\"strict-origin-when-cross-origin\" allowfullscreen><\/iframe>\t\t\t\t<\/div>\n\t\t<div class=\"elementor-element elementor-element-5a98dc6 e-con-full e-flex e-con e-child\" data-id=\"5a98dc6\" data-element_type=\"container\" data-e-type=\"container\">\n\t\t<div class=\"elementor-element elementor-element-29a2300 e-con-full e-grid e-con e-child\" data-id=\"29a2300\" data-element_type=\"container\" data-e-type=\"container\">\n\t\t<div class=\"elementor-element elementor-element-0b91931 e-con-full e-flex e-con e-child\" data-id=\"0b91931\" data-element_type=\"container\" data-e-type=\"container\" data-settings=\"{&quot;background_background&quot;:&quot;classic&quot;}\">\n\t\t\t\t<div class=\"elementor-element elementor-element-8742f14 content-align-tablet-center the7-hover-visibility-disabled preserve-img-ratio-contain content-align-center the7-hover-visibility-disabled elementor-widget elementor-widget-the7-image-widget\" data-id=\"8742f14\" data-element_type=\"widget\" data-e-type=\"widget\" data-settings=\"{&quot;hover_visibility_widescreen&quot;:&quot;disabled&quot;,&quot;hover_visibility&quot;:&quot;disabled&quot;}\" data-widget_type=\"the7-image-widget.default\">\n\t\t\t\t<div class=\"elementor-widget-container\">\n\t\t\t\t\t<div class=\"the7-image-container\"><div class=\"the7-image-wrapper the7-elementor-widget the7-transform-container\"><div class=\"post-thumbnail-rollover layzr-bg img-css-resize-wrapper\"><img fetchpriority=\"high\" decoding=\"async\" width=\"350\" height=\"350\" src=\"data:image\/svg+xml,%3Csvg%20xmlns%3D&#039;http%3A%2F%2Fwww.w3.org%2F2000%2Fsvg&#039;%20viewBox%3D&#039;0%200%201%201&#039;%2F%3E\" class=\"attachment-medium_large size-medium_large preload-me aspect lazy lazy-load\" alt=\"\" sizes=\"(max-width: 350px) 100vw, 350px\" data-src=\"https:\/\/assetmanagementprofessionals.org\/wp-content\/uploads\/2025\/10\/andres-noriegav2.png\" loading=\"eager\" data-srcset=\"https:\/\/assetmanagementprofessionals.org\/wp-content\/uploads\/2025\/10\/andres-noriegav2.png 350w, https:\/\/assetmanagementprofessionals.org\/wp-content\/uploads\/2025\/10\/andres-noriegav2-300x300.png 300w, https:\/\/assetmanagementprofessionals.org\/wp-content\/uploads\/2025\/10\/andres-noriegav2-150x150.png 150w, https:\/\/assetmanagementprofessionals.org\/wp-content\/uploads\/2025\/10\/andres-noriegav2-200x200.png 200w\" \/><\/div><\/div><\/div>\t\t\t\t<\/div>\n\t\t\t\t<\/div>\n\t\t\t\t<div class=\"elementor-element elementor-element-d7c18eb elementor-widget elementor-widget-the7-heading\" data-id=\"d7c18eb\" data-element_type=\"widget\" data-e-type=\"widget\" data-widget_type=\"the7-heading.default\">\n\t\t\t\t<div class=\"elementor-widget-container\">\n\t\t\t\t\t<h5 class=\"the7-heading-title elementor-size-default\"><a href=\"https:\/\/assetmanagementprofessionals.org\/es\/our-services\/service03\/\">Andr\u00e9s Noriega Escobar<\/a><\/h5>\t\t\t\t<\/div>\n\t\t\t\t<\/div>\n\t\t\t\t<div class=\"elementor-element elementor-element-9c01ed9 elementor-widget elementor-widget-text-editor\" data-id=\"9c01ed9\" data-element_type=\"widget\" data-e-type=\"widget\" data-widget_type=\"text-editor.default\">\n\t\t\t\t\t\t\t\t\t<h6>M\u00e1gister en gesti\u00f3n de activos y mantenimiento<\/h6><div class=\"chapter-leader-description\">Certified Maintenance &amp; Reliability Professional (SMRP). Auditor L\u00edder ISO 55001<\/div>\t\t\t\t\t\t\t\t<\/div>\n\t\t\t\t<\/div>\n\t\t<div class=\"elementor-element elementor-element-b86bd1e e-con-full e-flex e-con e-child\" data-id=\"b86bd1e\" data-element_type=\"container\" data-e-type=\"container\" data-settings=\"{&quot;background_background&quot;:&quot;classic&quot;}\">\n\t\t\t\t<div class=\"elementor-element elementor-element-2c25a01 content-align-tablet-center the7-hover-visibility-disabled preserve-img-ratio-contain content-align-center the7-hover-visibility-disabled elementor-widget elementor-widget-the7-image-widget\" data-id=\"2c25a01\" data-element_type=\"widget\" data-e-type=\"widget\" data-settings=\"{&quot;hover_visibility_widescreen&quot;:&quot;disabled&quot;,&quot;hover_visibility&quot;:&quot;disabled&quot;}\" data-widget_type=\"the7-image-widget.default\">\n\t\t\t\t<div class=\"elementor-widget-container\">\n\t\t\t\t\t<div class=\"the7-image-container\"><div class=\"the7-image-wrapper the7-elementor-widget the7-transform-container\"><div class=\"post-thumbnail-rollover layzr-bg img-css-resize-wrapper\"><img decoding=\"async\" width=\"350\" height=\"350\" src=\"data:image\/svg+xml,%3Csvg%20xmlns%3D&#039;http%3A%2F%2Fwww.w3.org%2F2000%2Fsvg&#039;%20viewBox%3D&#039;0%200%20350%20350&#039;%2F%3E\" class=\"attachment-full size-full preload-me aspect lazy lazy-load\" alt=\"\" sizes=\"(max-width: 350px) 100vw, 350px\" style=\"--ratio: 350 \/ 350;\" data-src=\"https:\/\/assetmanagementprofessionals.org\/wp-content\/uploads\/2025\/10\/leonardo-moreles.png\" loading=\"eager\" data-srcset=\"https:\/\/assetmanagementprofessionals.org\/wp-content\/uploads\/2025\/10\/leonardo-moreles.png 350w, https:\/\/assetmanagementprofessionals.org\/wp-content\/uploads\/2025\/10\/leonardo-moreles-300x300.png 300w, https:\/\/assetmanagementprofessionals.org\/wp-content\/uploads\/2025\/10\/leonardo-moreles-150x150.png 150w, https:\/\/assetmanagementprofessionals.org\/wp-content\/uploads\/2025\/10\/leonardo-moreles-200x200.png 200w\" \/><\/div><\/div><\/div>\t\t\t\t<\/div>\n\t\t\t\t<\/div>\n\t\t\t\t<div class=\"elementor-element elementor-element-be75205 elementor-widget elementor-widget-the7-heading\" data-id=\"be75205\" data-element_type=\"widget\" data-e-type=\"widget\" data-widget_type=\"the7-heading.default\">\n\t\t\t\t<div class=\"elementor-widget-container\">\n\t\t\t\t\t<h5 class=\"the7-heading-title elementor-size-default\"><a href=\"https:\/\/assetmanagementprofessionals.org\/es\/our-services\/service001\/\">Leonardo Morales<\/a><\/h5>\t\t\t\t<\/div>\n\t\t\t\t<\/div>\n\t\t\t\t<div class=\"elementor-element elementor-element-a9b2a87 elementor-widget elementor-widget-text-editor\" data-id=\"a9b2a87\" data-element_type=\"widget\" data-e-type=\"widget\" data-widget_type=\"text-editor.default\">\n\t\t\t\t\t\t\t\t\t<h6>MBA<\/h6><div class=\"chapter-leader-description\">Ingeniero Electricista con estudios de especializaci\u00f3n en Gesti\u00f3n de Activos, Confiabilidad y Mantenimiento, Ingenier\u00eda Industrial y Empowerment.<\/div>\t\t\t\t\t\t\t\t<\/div>\n\t\t\t\t<\/div>\n\t\t\t\t<\/div>\n\t\t\t\t<\/div>\n\t\t\t\t\t<\/div>\n\t\t\t\t<\/div>\n\t\t\t\t<\/div>\n\t\t<div class=\"elementor-element elementor-element-3b718d6 e-flex e-con-boxed e-con e-parent\" data-id=\"3b718d6\" data-element_type=\"container\" data-e-type=\"container\">\n\t\t\t\t\t<div class=\"e-con-inner\">\n\t\t\t\t<div class=\"elementor-element elementor-element-c27c8e0 elementor-widget elementor-widget-image\" data-id=\"c27c8e0\" data-element_type=\"widget\" data-e-type=\"widget\" data-widget_type=\"image.default\">\n\t\t\t\t\t\t\t\t\t\t\t\t\t\t\t\t<a href=\"https:\/\/form.jotform.com\/250555112827151\" target=\"_blank\">\n\t\t\t\t\t\t\t<img decoding=\"async\" width=\"800\" height=\"150\" src=\"data:image\/gif;base64,R0lGODlhAQABAIAAAAAAAP\/\/\/yH5BAEAAAAALAAAAAABAAEAAAIBRAA7\" data-src=\"https:\/\/assetmanagementprofessionals.org\/wp-content\/uploads\/2025\/10\/chapter-member-banner.png\" class=\"attachment-large size-large wp-image-41654 lazyload\" alt=\"\" data-srcset=\"https:\/\/assetmanagementprofessionals.org\/wp-content\/uploads\/2025\/10\/chapter-member-banner.png 800w, https:\/\/assetmanagementprofessionals.org\/wp-content\/uploads\/2025\/10\/chapter-member-banner-300x56.png 300w, https:\/\/assetmanagementprofessionals.org\/wp-content\/uploads\/2025\/10\/chapter-member-banner-768x144.png 768w\" sizes=\"(max-width: 800px) 100vw, 800px\" \/><noscript><img loading=\"lazy\" decoding=\"async\" width=\"800\" height=\"150\" src=\"https:\/\/assetmanagementprofessionals.org\/wp-content\/uploads\/2025\/10\/chapter-member-banner.png\" class=\"attachment-large size-large wp-image-41654 lazyload\" alt=\"\" srcset=\"https:\/\/assetmanagementprofessionals.org\/wp-content\/uploads\/2025\/10\/chapter-member-banner.png 800w, https:\/\/assetmanagementprofessionals.org\/wp-content\/uploads\/2025\/10\/chapter-member-banner-300x56.png 300w, https:\/\/assetmanagementprofessionals.org\/wp-content\/uploads\/2025\/10\/chapter-member-banner-768x144.png 768w\" sizes=\"(max-width: 800px) 100vw, 800px\" \/><\/noscript>\t\t\t\t\t\t\t\t<\/a>\n\t\t\t\t\t\t\t\t\t\t\t\t\t\t\t<\/div>\n\t\t\t\t\t<\/div>\n\t\t\t\t<\/div>\n\t\t\t\t<\/div>","protected":false},"excerpt":{"rendered":"<p>Chile Chapter &lt;- Back to all Chapters Andr\u00e9s Noriega Escobar M\u00e1gister en gesti\u00f3n de activos y mantenimiento Certified Maintenance &amp; Reliability Professional (SMRP). Auditor L\u00edder ISO 55001 Leonardo Morales MBA&hellip;<\/p>","protected":false},"author":1,"featured_media":0,"parent":0,"menu_order":20,"comment_status":"closed","ping_status":"closed","template":"","meta":{"_price":"","_stock":"","_tribe_ticket_header":"","_tribe_default_ticket_provider":"","_tribe_ticket_capacity":"0","_ticket_start_date":"","_ticket_end_date":"","_tribe_ticket_show_description":"","_tribe_ticket_show_not_going":false,"_tribe_ticket_use_global_stock":"","_tribe_ticket_global_stock_level":"","_global_stock_mode":"","_global_stock_cap":"","_tribe_rsvp_for_event":"","_tribe_ticket_going_count":"","_tribe_ticket_not_going_count":"","_tribe_tickets_list":"[]","_tribe_ticket_has_attendee_info_fields":false,"footnotes":"","_tec_slr_enabled":"","_tec_slr_layout":""},"class_list":["post-41759","page","type-page","status-publish","hentry"],"yoast_head":"<!-- This site is optimized with the Yoast SEO plugin v27.3 - https:\/\/yoast.com\/product\/yoast-seo-wordpress\/ -->\n<title>Chile Chapter - Association of Asset Management Professionals<\/title>\n<meta name=\"robots\" content=\"index, follow, max-snippet:-1, max-image-preview:large, max-video-preview:-1\" \/>\n<link rel=\"canonical\" href=\"https:\/\/assetmanagementprofessionals.org\/es\/chile-chapter\/\" \/>\n<meta property=\"og:locale\" content=\"es_ES\" \/>\n<meta property=\"og:type\" content=\"article\" \/>\n<meta property=\"og:title\" content=\"Chile Chapter - Association of Asset Management Professionals\" \/>\n<meta property=\"og:description\" content=\"Chile Chapter &lt;- Back to all Chapters Andr\u00e9s Noriega Escobar M\u00e1gister en gesti\u00f3n de activos y mantenimiento Certified Maintenance &amp; Reliability Professional (SMRP). Auditor L\u00edder ISO 55001 Leonardo Morales MBA&hellip;\" \/>\n<meta property=\"og:url\" content=\"https:\/\/assetmanagementprofessionals.org\/es\/chile-chapter\/\" \/>\n<meta property=\"og:site_name\" content=\"Association of Asset Management Professionals\" \/>\n<meta property=\"article:modified_time\" content=\"2025-12-19T18:18:14+00:00\" \/>\n<meta property=\"og:image\" content=\"https:\/\/assetmanagementprofessionals.org\/wp-content\/uploads\/2025\/10\/CHILE.png\" \/>\n\t<meta property=\"og:image:width\" content=\"400\" \/>\n\t<meta property=\"og:image:height\" content=\"300\" \/>\n\t<meta property=\"og:image:type\" content=\"image\/png\" \/>\n<meta name=\"twitter:card\" content=\"summary_large_image\" \/>\n<meta name=\"twitter:label1\" content=\"Tiempo de lectura\" \/>\n\t<meta name=\"twitter:data1\" content=\"1 minuto\" \/>\n<script type=\"application\/ld+json\" class=\"yoast-schema-graph\">{\"@context\":\"https:\\\/\\\/schema.org\",\"@graph\":[{\"@type\":\"WebPage\",\"@id\":\"https:\\\/\\\/assetmanagementprofessionals.org\\\/chile-chapter\\\/\",\"url\":\"https:\\\/\\\/assetmanagementprofessionals.org\\\/chile-chapter\\\/\",\"name\":\"Chile Chapter - Association of Asset Management Professionals\",\"isPartOf\":{\"@id\":\"https:\\\/\\\/assetmanagementprofessionals.org\\\/#website\"},\"primaryImageOfPage\":{\"@id\":\"https:\\\/\\\/assetmanagementprofessionals.org\\\/chile-chapter\\\/#primaryimage\"},\"image\":{\"@id\":\"https:\\\/\\\/assetmanagementprofessionals.org\\\/chile-chapter\\\/#primaryimage\"},\"thumbnailUrl\":\"https:\\\/\\\/assetmanagementprofessionals.org\\\/wp-content\\\/uploads\\\/2025\\\/10\\\/CHILE-300x225.png\",\"datePublished\":\"2025-10-27T21:02:16+00:00\",\"dateModified\":\"2025-12-19T18:18:14+00:00\",\"breadcrumb\":{\"@id\":\"https:\\\/\\\/assetmanagementprofessionals.org\\\/chile-chapter\\\/#breadcrumb\"},\"inLanguage\":\"es\",\"potentialAction\":[{\"@type\":\"ReadAction\",\"target\":[\"https:\\\/\\\/assetmanagementprofessionals.org\\\/chile-chapter\\\/\"]}]},{\"@type\":\"ImageObject\",\"inLanguage\":\"es\",\"@id\":\"https:\\\/\\\/assetmanagementprofessionals.org\\\/chile-chapter\\\/#primaryimage\",\"url\":\"https:\\\/\\\/assetmanagementprofessionals.org\\\/wp-content\\\/uploads\\\/2025\\\/10\\\/CHILE-300x225.png\",\"contentUrl\":\"https:\\\/\\\/assetmanagementprofessionals.org\\\/wp-content\\\/uploads\\\/2025\\\/10\\\/CHILE-300x225.png\"},{\"@type\":\"BreadcrumbList\",\"@id\":\"https:\\\/\\\/assetmanagementprofessionals.org\\\/chile-chapter\\\/#breadcrumb\",\"itemListElement\":[{\"@type\":\"ListItem\",\"position\":1,\"name\":\"Home\",\"item\":\"https:\\\/\\\/assetmanagementprofessionals.org\\\/\"},{\"@type\":\"ListItem\",\"position\":2,\"name\":\"Chile Chapter\"}]},{\"@type\":\"WebSite\",\"@id\":\"https:\\\/\\\/assetmanagementprofessionals.org\\\/#website\",\"url\":\"https:\\\/\\\/assetmanagementprofessionals.org\\\/\",\"name\":\"Association of Asset Management Professionals\",\"description\":\"\",\"publisher\":{\"@id\":\"https:\\\/\\\/assetmanagementprofessionals.org\\\/#organization\"},\"alternateName\":\"AMP\",\"potentialAction\":[{\"@type\":\"SearchAction\",\"target\":{\"@type\":\"EntryPoint\",\"urlTemplate\":\"https:\\\/\\\/assetmanagementprofessionals.org\\\/?s={search_term_string}\"},\"query-input\":{\"@type\":\"PropertyValueSpecification\",\"valueRequired\":true,\"valueName\":\"search_term_string\"}}],\"inLanguage\":\"es\"},{\"@type\":\"Organization\",\"@id\":\"https:\\\/\\\/assetmanagementprofessionals.org\\\/#organization\",\"name\":\"Association of Asset Management Professionals\",\"url\":\"https:\\\/\\\/assetmanagementprofessionals.org\\\/\",\"logo\":{\"@type\":\"ImageObject\",\"inLanguage\":\"es\",\"@id\":\"https:\\\/\\\/assetmanagementprofessionals.org\\\/#\\\/schema\\\/logo\\\/image\\\/\",\"url\":\"https:\\\/\\\/assetmanagementprofessionals.org\\\/wp-content\\\/uploads\\\/2025\\\/10\\\/amp-logo.png\",\"contentUrl\":\"https:\\\/\\\/assetmanagementprofessionals.org\\\/wp-content\\\/uploads\\\/2025\\\/10\\\/amp-logo.png\",\"width\":720,\"height\":226,\"caption\":\"Association of Asset Management Professionals\"},\"image\":{\"@id\":\"https:\\\/\\\/assetmanagementprofessionals.org\\\/#\\\/schema\\\/logo\\\/image\\\/\"}}]}<\/script>\n<!-- \/ Yoast SEO plugin. -->","yoast_head_json":{"title":"Chile Chapter - Association of Asset Management Professionals","robots":{"index":"index","follow":"follow","max-snippet":"max-snippet:-1","max-image-preview":"max-image-preview:large","max-video-preview":"max-video-preview:-1"},"canonical":"https:\/\/assetmanagementprofessionals.org\/es\/chile-chapter\/","og_locale":"es_ES","og_type":"article","og_title":"Chile Chapter - Association of Asset Management Professionals","og_description":"Chile Chapter &lt;- Back to all Chapters Andr\u00e9s Noriega Escobar M\u00e1gister en gesti\u00f3n de activos y mantenimiento Certified Maintenance &amp; Reliability Professional (SMRP). Auditor L\u00edder ISO 55001 Leonardo Morales MBA&hellip;","og_url":"https:\/\/assetmanagementprofessionals.org\/es\/chile-chapter\/","og_site_name":"Association of Asset Management Professionals","article_modified_time":"2025-12-19T18:18:14+00:00","og_image":[{"width":400,"height":300,"url":"https:\/\/assetmanagementprofessionals.org\/wp-content\/uploads\/2025\/10\/CHILE.png","type":"image\/png"}],"twitter_card":"summary_large_image","twitter_misc":{"Tiempo de lectura":"1 minuto"},"schema":{"@context":"https:\/\/schema.org","@graph":[{"@type":"WebPage","@id":"https:\/\/assetmanagementprofessionals.org\/chile-chapter\/","url":"https:\/\/assetmanagementprofessionals.org\/chile-chapter\/","name":"Chile Chapter - Association of Asset Management Professionals","isPartOf":{"@id":"https:\/\/assetmanagementprofessionals.org\/#website"},"primaryImageOfPage":{"@id":"https:\/\/assetmanagementprofessionals.org\/chile-chapter\/#primaryimage"},"image":{"@id":"https:\/\/assetmanagementprofessionals.org\/chile-chapter\/#primaryimage"},"thumbnailUrl":"https:\/\/assetmanagementprofessionals.org\/wp-content\/uploads\/2025\/10\/CHILE-300x225.png","datePublished":"2025-10-27T21:02:16+00:00","dateModified":"2025-12-19T18:18:14+00:00","breadcrumb":{"@id":"https:\/\/assetmanagementprofessionals.org\/chile-chapter\/#breadcrumb"},"inLanguage":"es","potentialAction":[{"@type":"ReadAction","target":["https:\/\/assetmanagementprofessionals.org\/chile-chapter\/"]}]},{"@type":"ImageObject","inLanguage":"es","@id":"https:\/\/assetmanagementprofessionals.org\/chile-chapter\/#primaryimage","url":"https:\/\/assetmanagementprofessionals.org\/wp-content\/uploads\/2025\/10\/CHILE-300x225.png","contentUrl":"https:\/\/assetmanagementprofessionals.org\/wp-content\/uploads\/2025\/10\/CHILE-300x225.png"},{"@type":"BreadcrumbList","@id":"https:\/\/assetmanagementprofessionals.org\/chile-chapter\/#breadcrumb","itemListElement":[{"@type":"ListItem","position":1,"name":"Home","item":"https:\/\/assetmanagementprofessionals.org\/"},{"@type":"ListItem","position":2,"name":"Chile Chapter"}]},{"@type":"WebSite","@id":"https:\/\/assetmanagementprofessionals.org\/#website","url":"https:\/\/assetmanagementprofessionals.org\/","name":"Association of Asset Management Professionals","description":"","publisher":{"@id":"https:\/\/assetmanagementprofessionals.org\/#organization"},"alternateName":"AMP","potentialAction":[{"@type":"SearchAction","target":{"@type":"EntryPoint","urlTemplate":"https:\/\/assetmanagementprofessionals.org\/?s={search_term_string}"},"query-input":{"@type":"PropertyValueSpecification","valueRequired":true,"valueName":"search_term_string"}}],"inLanguage":"es"},{"@type":"Organization","@id":"https:\/\/assetmanagementprofessionals.org\/#organization","name":"Association of Asset Management Professionals","url":"https:\/\/assetmanagementprofessionals.org\/","logo":{"@type":"ImageObject","inLanguage":"es","@id":"https:\/\/assetmanagementprofessionals.org\/#\/schema\/logo\/image\/","url":"https:\/\/assetmanagementprofessionals.org\/wp-content\/uploads\/2025\/10\/amp-logo.png","contentUrl":"https:\/\/assetmanagementprofessionals.org\/wp-content\/uploads\/2025\/10\/amp-logo.png","width":720,"height":226,"caption":"Association of Asset Management Professionals"},"image":{"@id":"https:\/\/assetmanagementprofessionals.org\/#\/schema\/logo\/image\/"}}]}},"ticketed":false,"_links":{"self":[{"href":"https:\/\/assetmanagementprofessionals.org\/es\/wp-json\/wp\/v2\/pages\/41759","targetHints":{"allow":["GET"]}}],"collection":[{"href":"https:\/\/assetmanagementprofessionals.org\/es\/wp-json\/wp\/v2\/pages"}],"about":[{"href":"https:\/\/assetmanagementprofessionals.org\/es\/wp-json\/wp\/v2\/types\/page"}],"author":[{"embeddable":true,"href":"https:\/\/assetmanagementprofessionals.org\/es\/wp-json\/wp\/v2\/users\/1"}],"replies":[{"embeddable":true,"href":"https:\/\/assetmanagementprofessionals.org\/es\/wp-json\/wp\/v2\/comments?post=41759"}],"version-history":[{"count":37,"href":"https:\/\/assetmanagementprofessionals.org\/es\/wp-json\/wp\/v2\/pages\/41759\/revisions"}],"predecessor-version":[{"id":45072,"href":"https:\/\/assetmanagementprofessionals.org\/es\/wp-json\/wp\/v2\/pages\/41759\/revisions\/45072"}],"wp:attachment":[{"href":"https:\/\/assetmanagementprofessionals.org\/es\/wp-json\/wp\/v2\/media?parent=41759"}],"curies":[{"name":"wp","href":"https:\/\/api.w.org\/{rel}","templated":true}]}}