{"id":43033,"date":"2025-11-04T12:25:20","date_gmt":"2025-11-04T17:25:20","guid":{"rendered":"https:\/\/assetmanagementprofessionals.org\/?page_id=43033"},"modified":"2026-05-07T15:44:03","modified_gmt":"2026-05-07T20:44:03","slug":"certification","status":"publish","type":"page","link":"https:\/\/assetmanagementprofessionals.org\/es\/certification\/","title":{"rendered":"Certificaciones"},"content":{"rendered":"<div data-elementor-type=\"wp-page\" data-elementor-id=\"43033\" class=\"elementor elementor-43033\" data-elementor-post-type=\"page\">\n\t\t\t\t<div class=\"elementor-element elementor-element-b8a38a4 e-flex e-con-boxed e-con e-parent\" data-id=\"b8a38a4\" data-element_type=\"container\" data-e-type=\"container\">\n\t\t\t\t\t<div class=\"e-con-inner\">\n\t\t<div class=\"elementor-element elementor-element-044fa64 e-flex e-con-boxed e-con e-child\" data-id=\"044fa64\" data-element_type=\"container\" data-e-type=\"container\">\n\t\t\t\t\t<div class=\"e-con-inner\">\n\t\t<div class=\"elementor-element elementor-element-f7df0fe e-con-full e-flex e-con e-child\" data-id=\"f7df0fe\" data-element_type=\"container\" data-e-type=\"container\">\n\t\t\t\t<div class=\"elementor-element elementor-element-c7eac57 content-align-tablet-center the7-hover-visibility-disabled content-align-center the7-hover-visibility-disabled elementor-widget elementor-widget-the7-image-widget\" data-id=\"c7eac57\" data-element_type=\"widget\" data-e-type=\"widget\" data-settings=\"{&quot;hover_visibility_widescreen&quot;:&quot;disabled&quot;,&quot;hover_visibility&quot;:&quot;disabled&quot;}\" data-widget_type=\"the7-image-widget.default\">\n\t\t\t\t<div class=\"elementor-widget-container\">\n\t\t\t\t\t<div class=\"the7-image-container\"><div class=\"the7-image-wrapper the7-elementor-widget the7-transform-container\"><a class=\"post-thumbnail-rollover layzr-bg img-css-resize-wrapper\" href=\"https:\/\/assetmanagementprofessionals.org\/es\/certified-reliability-leader-overview\/\"><img fetchpriority=\"high\" decoding=\"async\" width=\"497\" height=\"497\" src=\"data:image\/svg+xml,%3Csvg%20xmlns%3D&#039;http%3A%2F%2Fwww.w3.org%2F2000%2Fsvg&#039;%20viewBox%3D&#039;0%200%20497%20497&#039;%2F%3E\" class=\"attachment-full size-full preload-me aspect lazy lazy-load\" alt=\"Certified Reliability Leader\" sizes=\"(max-width: 1600px) 300px, 497px\" style=\"--ratio: 497 \/ 497;\" data-src=\"https:\/\/assetmanagementprofessionals.org\/wp-content\/uploads\/2025\/11\/CRL.png\" loading=\"eager\" data-srcset=\"https:\/\/assetmanagementprofessionals.org\/wp-content\/uploads\/2025\/11\/CRL.png 497w, https:\/\/assetmanagementprofessionals.org\/wp-content\/uploads\/2025\/11\/CRL-300x300.png 300w, https:\/\/assetmanagementprofessionals.org\/wp-content\/uploads\/2025\/11\/CRL-150x150.png 150w, https:\/\/assetmanagementprofessionals.org\/wp-content\/uploads\/2025\/11\/CRL-200x200.png 200w\" \/><\/a><\/div><\/div>\t\t\t\t<\/div>\n\t\t\t\t<\/div>\n\t\t\t\t<\/div>\n\t\t<div class=\"elementor-element elementor-element-07ca0a6 e-con-full e-flex e-con e-child\" data-id=\"07ca0a6\" data-element_type=\"container\" data-e-type=\"container\">\n\t\t\t\t<div class=\"elementor-element elementor-element-eb2bf50 elementor-widget elementor-widget-the7-heading\" data-id=\"eb2bf50\" data-element_type=\"widget\" data-e-type=\"widget\" data-widget_type=\"the7-heading.default\">\n\t\t\t\t<div class=\"elementor-widget-container\">\n\t\t\t\t\t<h3 class=\"the7-heading-title elementor-size-default\"><a href=\"https:\/\/assetmanagementprofessionals.org\/es\/certified-reliability-leader-overview\/\">Certified Reliability Leader\u00ae<\/a><\/h3>\t\t\t\t<\/div>\n\t\t\t\t<\/div>\n\t\t\t\t<div class=\"elementor-element elementor-element-63929f8 elementor-widget elementor-widget-text-editor\" data-id=\"63929f8\" data-element_type=\"widget\" data-e-type=\"widget\" data-widget_type=\"text-editor.default\">\n\t\t\t\t\t\t\t\t\t<p>Convi\u00e9rtase en un L\u00edder Certificado en Confiabilidad\u00ae (CRL) y acredite su experiencia en liderazgo en materia de confiabilidad. Esta certificaci\u00f3n demuestra que usted posee las habilidades y los conocimientos necesarios para involucrar y empoderar a las partes interesadas de toda su organizaci\u00f3n como L\u00edder en Confiabilidad. Demuestre que lidera con confiabilidad como una fortaleza innata en usted.<\/p>\t\t\t\t\t\t\t\t<\/div>\n\t\t\t\t<div class=\"elementor-element elementor-element-c1fd9bd elementor-align-center elementor-widget elementor-widget-the7_button_widget\" data-id=\"c1fd9bd\" data-element_type=\"widget\" data-e-type=\"widget\" data-widget_type=\"the7_button_widget.default\">\n\t\t\t\t<div class=\"elementor-widget-container\">\n\t\t\t\t\t<div class=\"elementor-button-wrapper\"><a href=\"https:\/\/assetmanagementprofessionals.org\/es\/certified-reliability-leader-overview\/\" class=\"box-button elementor-button elementor-size-sm\">Ver Detalles<\/a><\/div>\t\t\t\t<\/div>\n\t\t\t\t<\/div>\n\t\t\t\t<\/div>\n\t\t\t\t\t<\/div>\n\t\t\t\t<\/div>\n\t\t<div class=\"elementor-element elementor-element-162ac44 e-con-full e-flex e-con e-child\" data-id=\"162ac44\" data-element_type=\"container\" data-e-type=\"container\">\n\t\t<div class=\"elementor-element elementor-element-74c3fc9 e-con-full e-flex e-con e-child\" data-id=\"74c3fc9\" data-element_type=\"container\" data-e-type=\"container\">\n\t\t\t\t<div class=\"elementor-element elementor-element-852105c content-align-tablet-center the7-hover-visibility-disabled content-align-center the7-hover-visibility-disabled elementor-widget elementor-widget-the7-image-widget\" data-id=\"852105c\" data-element_type=\"widget\" data-e-type=\"widget\" data-settings=\"{&quot;hover_visibility_widescreen&quot;:&quot;disabled&quot;,&quot;hover_visibility&quot;:&quot;disabled&quot;}\" data-widget_type=\"the7-image-widget.default\">\n\t\t\t\t<div class=\"elementor-widget-container\">\n\t\t\t\t\t<div class=\"the7-image-container\"><div class=\"the7-image-wrapper the7-elementor-widget the7-transform-container\"><a class=\"post-thumbnail-rollover layzr-bg img-css-resize-wrapper\" href=\"https:\/\/assetmanagementprofessionals.org\/es\/certified-maintenance-manager-overview\/\"><img decoding=\"async\" width=\"495\" height=\"495\" src=\"data:image\/svg+xml,%3Csvg%20xmlns%3D&#039;http%3A%2F%2Fwww.w3.org%2F2000%2Fsvg&#039;%20viewBox%3D&#039;0%200%20495%20495&#039;%2F%3E\" class=\"attachment-full size-full preload-me aspect lazy lazy-load\" alt=\"Certified Maintenance Manager\u00ae\" sizes=\"(max-width: 1600px) 300px, 495px\" style=\"--ratio: 495 \/ 495;\" data-src=\"https:\/\/assetmanagementprofessionals.org\/wp-content\/uploads\/2025\/11\/CMM.png\" loading=\"eager\" data-srcset=\"https:\/\/assetmanagementprofessionals.org\/wp-content\/uploads\/2025\/11\/CMM.png 495w, https:\/\/assetmanagementprofessionals.org\/wp-content\/uploads\/2025\/11\/CMM-300x300.png 300w, https:\/\/assetmanagementprofessionals.org\/wp-content\/uploads\/2025\/11\/CMM-150x150.png 150w, https:\/\/assetmanagementprofessionals.org\/wp-content\/uploads\/2025\/11\/CMM-200x200.png 200w\" \/><\/a><\/div><\/div>\t\t\t\t<\/div>\n\t\t\t\t<\/div>\n\t\t\t\t<\/div>\n\t\t<div class=\"elementor-element elementor-element-f8ef681 e-con-full e-flex e-con e-child\" data-id=\"f8ef681\" data-element_type=\"container\" data-e-type=\"container\">\n\t\t\t\t<div class=\"elementor-element elementor-element-f1c1850 elementor-widget elementor-widget-the7-heading\" data-id=\"f1c1850\" data-element_type=\"widget\" data-e-type=\"widget\" data-widget_type=\"the7-heading.default\">\n\t\t\t\t<div class=\"elementor-widget-container\">\n\t\t\t\t\t<h3 class=\"the7-heading-title elementor-size-default\"><a href=\"https:\/\/assetmanagementprofessionals.org\/es\/certified-maintenance-manager-overview\/\">Certified Maintenance Manager\u00ae<\/a><\/h3>\t\t\t\t<\/div>\n\t\t\t\t<\/div>\n\t\t\t\t<div class=\"elementor-element elementor-element-89c0ffe elementor-widget elementor-widget-text-editor\" data-id=\"89c0ffe\" data-element_type=\"widget\" data-e-type=\"widget\" data-widget_type=\"text-editor.default\">\n\t\t\t\t\t\t\t\t\t<p>Obtenga la certificaci\u00f3n como Gerente de Mantenimiento Certificado\u00ae (CMM) y acredite sus competencias como responsable de mantenimiento. Demuestre su experiencia en los fundamentos del mantenimiento, las pr\u00e1cticas innovadoras de confiabilidad y las estrategias de optimizaci\u00f3n de activos. \u00a1Impulse su carrera profesional como Gerente de Mantenimiento hoy mismo!<\/p>\t\t\t\t\t\t\t\t<\/div>\n\t\t\t\t<div class=\"elementor-element elementor-element-53085f2 elementor-align-center elementor-widget elementor-widget-the7_button_widget\" data-id=\"53085f2\" data-element_type=\"widget\" data-e-type=\"widget\" data-widget_type=\"the7_button_widget.default\">\n\t\t\t\t<div class=\"elementor-widget-container\">\n\t\t\t\t\t<div class=\"elementor-button-wrapper\"><a href=\"https:\/\/assetmanagementprofessionals.org\/es\/certified-maintenance-manager-overview\/\" class=\"box-button elementor-button elementor-size-md\">Ver Detalles<\/a><\/div>\t\t\t\t<\/div>\n\t\t\t\t<\/div>\n\t\t\t\t<\/div>\n\t\t\t\t<\/div>\n\t\t<div class=\"elementor-element elementor-element-eb682a6 e-con-full e-flex e-con e-child\" data-id=\"eb682a6\" data-element_type=\"container\" data-e-type=\"container\">\n\t\t<div class=\"elementor-element elementor-element-49b52f9 e-con-full e-flex e-con e-child\" data-id=\"49b52f9\" data-element_type=\"container\" data-e-type=\"container\">\n\t\t\t\t<div class=\"elementor-element elementor-element-ba75dfe content-align-tablet-center the7-hover-visibility-disabled content-align-center the7-hover-visibility-disabled preserve-img-ratio-cover elementor-widget elementor-widget-the7-image-widget\" data-id=\"ba75dfe\" data-element_type=\"widget\" data-e-type=\"widget\" data-settings=\"{&quot;hover_visibility_widescreen&quot;:&quot;disabled&quot;,&quot;hover_visibility&quot;:&quot;disabled&quot;}\" data-widget_type=\"the7-image-widget.default\">\n\t\t\t\t<div class=\"elementor-widget-container\">\n\t\t\t\t\t<div class=\"the7-image-container\"><div class=\"the7-image-wrapper the7-elementor-widget the7-transform-container\"><a class=\"post-thumbnail-rollover layzr-bg img-css-resize-wrapper\" href=\"https:\/\/assetmanagementprofessionals.org\/es\/certified-maintenance-manager-overview\/\"><img decoding=\"async\" width=\"498\" height=\"498\" src=\"data:image\/svg+xml,%3Csvg%20xmlns%3D&#039;http%3A%2F%2Fwww.w3.org%2F2000%2Fsvg&#039;%20viewBox%3D&#039;0%200%20498%20498&#039;%2F%3E\" class=\"attachment-full size-full preload-me aspect lazy lazy-load\" alt=\"uptime element badges\" sizes=\"(max-width: 1600px) 300px, 498px\" style=\"--ratio: 498 \/ 498;\" data-src=\"https:\/\/assetmanagementprofessionals.org\/wp-content\/uploads\/2025\/11\/UE-BADGES.png\" loading=\"eager\" data-srcset=\"https:\/\/assetmanagementprofessionals.org\/wp-content\/uploads\/2025\/11\/UE-BADGES.png 498w, https:\/\/assetmanagementprofessionals.org\/wp-content\/uploads\/2025\/11\/UE-BADGES-300x300.png 300w, https:\/\/assetmanagementprofessionals.org\/wp-content\/uploads\/2025\/11\/UE-BADGES-150x150.png 150w, https:\/\/assetmanagementprofessionals.org\/wp-content\/uploads\/2025\/11\/UE-BADGES-200x200.png 200w\" \/><\/a><\/div><\/div>\t\t\t\t<\/div>\n\t\t\t\t<\/div>\n\t\t\t\t<\/div>\n\t\t<div class=\"elementor-element elementor-element-44fe2f2 e-con-full e-flex e-con e-child\" data-id=\"44fe2f2\" data-element_type=\"container\" data-e-type=\"container\">\n\t\t\t\t<div class=\"elementor-element elementor-element-d7feff5 elementor-widget elementor-widget-the7-heading\" data-id=\"d7feff5\" data-element_type=\"widget\" data-e-type=\"widget\" data-widget_type=\"the7-heading.default\">\n\t\t\t\t<div class=\"elementor-widget-container\">\n\t\t\t\t\t<h3 class=\"the7-heading-title elementor-size-default\"><a href=\"https:\/\/assetmanagementprofessionals.org\/es\/badges\/\">Uptime\u00ae Elements Badges<\/a><\/h3>\t\t\t\t<\/div>\n\t\t\t\t<\/div>\n\t\t\t\t<div class=\"elementor-element elementor-element-792c0fe elementor-widget elementor-widget-text-editor\" data-id=\"792c0fe\" data-element_type=\"widget\" data-e-type=\"widget\" data-widget_type=\"text-editor.default\">\n\t\t\t\t\t\t\t\t\t<p>Las insignias de Nivel de Dominio de Uptime\u00ae Elements acreditan una especializaci\u00f3n en \u00e1reas concretas del marco de los Uptime\u00ae Elements. Las insignias son gratuitas para los Certified Reliability Leaders\u00ae que tengan certificaciones vigentes. Descubra hoy mismo c\u00f3mo conseguir su insignia.<\/p>\t\t\t\t\t\t\t\t<\/div>\n\t\t\t\t<div class=\"elementor-element elementor-element-d4a1c62 elementor-align-center elementor-widget elementor-widget-the7_button_widget\" data-id=\"d4a1c62\" data-element_type=\"widget\" data-e-type=\"widget\" data-widget_type=\"the7_button_widget.default\">\n\t\t\t\t<div class=\"elementor-widget-container\">\n\t\t\t\t\t<div class=\"elementor-button-wrapper\"><a href=\"https:\/\/assetmanagementprofessionals.org\/es\/certified-maintenance-manager-overview\/\" class=\"box-button elementor-button elementor-size-md\">Ver Detalles<\/a><\/div>\t\t\t\t<\/div>\n\t\t\t\t<\/div>\n\t\t\t\t<\/div>\n\t\t\t\t<\/div>\n\t\t<div class=\"elementor-element elementor-element-3751a99 e-con-full e-flex e-con e-child\" data-id=\"3751a99\" data-element_type=\"container\" data-e-type=\"container\">\n\t\t<div class=\"elementor-element elementor-element-a3d1fd7 e-con-full e-flex e-con e-child\" data-id=\"a3d1fd7\" data-element_type=\"container\" data-e-type=\"container\">\n\t\t\t\t<div class=\"elementor-element elementor-element-2255ca7 content-align-tablet-center the7-hover-visibility-disabled content-align-center the7-hover-visibility-disabled preserve-img-ratio-cover elementor-widget elementor-widget-the7-image-widget\" data-id=\"2255ca7\" data-element_type=\"widget\" data-e-type=\"widget\" data-settings=\"{&quot;hover_visibility_widescreen&quot;:&quot;disabled&quot;,&quot;hover_visibility&quot;:&quot;disabled&quot;}\" data-widget_type=\"the7-image-widget.default\">\n\t\t\t\t<div class=\"elementor-widget-container\">\n\t\t\t\t\t<div class=\"the7-image-container\"><div class=\"the7-image-wrapper the7-elementor-widget the7-transform-container\"><a class=\"post-thumbnail-rollover layzr-bg img-css-resize-wrapper\" href=\"https:\/\/assetmanagementprofessionals.org\/es\/crl-domain-mastery-belt-program\/\"><img decoding=\"async\" width=\"498\" height=\"498\" src=\"data:image\/svg+xml,%3Csvg%20xmlns%3D&#039;http%3A%2F%2Fwww.w3.org%2F2000%2Fsvg&#039;%20viewBox%3D&#039;0%200%20498%20498&#039;%2F%3E\" class=\"attachment-full size-full preload-me aspect lazy lazy-load\" alt=\"mastery belt\" sizes=\"(max-width: 1600px) 300px, 498px\" style=\"--ratio: 498 \/ 498;\" data-src=\"https:\/\/assetmanagementprofessionals.org\/wp-content\/uploads\/2025\/11\/MASTERY-BELT.png\" loading=\"eager\" data-srcset=\"https:\/\/assetmanagementprofessionals.org\/wp-content\/uploads\/2025\/11\/MASTERY-BELT.png 498w, https:\/\/assetmanagementprofessionals.org\/wp-content\/uploads\/2025\/11\/MASTERY-BELT-300x300.png 300w, https:\/\/assetmanagementprofessionals.org\/wp-content\/uploads\/2025\/11\/MASTERY-BELT-150x150.png 150w, https:\/\/assetmanagementprofessionals.org\/wp-content\/uploads\/2025\/11\/MASTERY-BELT-200x200.png 200w\" \/><\/a><\/div><\/div>\t\t\t\t<\/div>\n\t\t\t\t<\/div>\n\t\t\t\t<\/div>\n\t\t<div class=\"elementor-element elementor-element-49ddefa e-con-full e-flex e-con e-child\" data-id=\"49ddefa\" data-element_type=\"container\" data-e-type=\"container\">\n\t\t\t\t<div class=\"elementor-element elementor-element-82efdad elementor-widget elementor-widget-the7-heading\" data-id=\"82efdad\" data-element_type=\"widget\" data-e-type=\"widget\" data-widget_type=\"the7-heading.default\">\n\t\t\t\t<div class=\"elementor-widget-container\">\n\t\t\t\t\t<h3 class=\"the7-heading-title elementor-size-default\"><a href=\"https:\/\/assetmanagementprofessionals.org\/es\/crl-domain-mastery-belt-program\/\">CRL Mastery Belt Program<\/a><\/h3>\t\t\t\t<\/div>\n\t\t\t\t<\/div>\n\t\t\t\t<div class=\"elementor-element elementor-element-909adb0 elementor-widget elementor-widget-text-editor\" data-id=\"909adb0\" data-element_type=\"widget\" data-e-type=\"widget\" data-widget_type=\"text-editor.default\">\n\t\t\t\t\t\t\t\t\t<p>El Programa de Cinturones de Maestr\u00eda de CRL es un reconocimiento orientado a los resultados, para distinguir proyectos de mejora de la confiabilidad hol\u00edsticos, significativos y exitosos, llevados a cabo de forma sistem\u00e1tica. Para obtener un Cintur\u00f3n Negro de CRL, debe presentar cinco proyectos basados en al menos un Dominio del Marco de los Uptime\u00ae Elements, acompa\u00f1ados de declaraciones juradas y formularios de verificaci\u00f3n. Obtenga m\u00e1s informaci\u00f3n.<\/p>\t\t\t\t\t\t\t\t<\/div>\n\t\t\t\t<div class=\"elementor-element elementor-element-8b60b8f elementor-align-center elementor-widget elementor-widget-the7_button_widget\" data-id=\"8b60b8f\" data-element_type=\"widget\" data-e-type=\"widget\" data-widget_type=\"the7_button_widget.default\">\n\t\t\t\t<div class=\"elementor-widget-container\">\n\t\t\t\t\t<div class=\"elementor-button-wrapper\"><a href=\"https:\/\/assetmanagementprofessionals.org\/es\/crl-domain-mastery-belt-program\/\" class=\"box-button elementor-button elementor-size-md\">Ver Detalles<\/a><\/div>\t\t\t\t<\/div>\n\t\t\t\t<\/div>\n\t\t\t\t<\/div>\n\t\t\t\t<\/div>\n\t\t\t\t\t<\/div>\n\t\t\t\t<\/div>\n\t\t\t\t<\/div>","protected":false},"excerpt":{"rendered":"<p>Certified Reliability Leader\u00ae Become a Certified Reliability Leader\u00ae (CRL) and validate your expertise in reliability leadership. This certification proves you have the skills and knowledge to engage and empower stakeholders&hellip;<\/p>","protected":false},"author":1,"featured_media":0,"parent":0,"menu_order":0,"comment_status":"closed","ping_status":"closed","template":"","meta":{"_price":"","_stock":"","_tribe_ticket_header":"","_tribe_default_ticket_provider":"","_tribe_ticket_capacity":"0","_ticket_start_date":"","_ticket_end_date":"","_tribe_ticket_show_description":"","_tribe_ticket_show_not_going":false,"_tribe_ticket_use_global_stock":"","_tribe_ticket_global_stock_level":"","_global_stock_mode":"","_global_stock_cap":"","_tribe_rsvp_for_event":"","_tribe_ticket_going_count":"","_tribe_ticket_not_going_count":"","_tribe_tickets_list":"[]","_tribe_ticket_has_attendee_info_fields":false,"footnotes":"","_tec_slr_enabled":"","_tec_slr_layout":""},"class_list":["post-43033","page","type-page","status-publish","hentry"],"yoast_head":"<!-- This site is optimized with the Yoast SEO plugin v27.6 - https:\/\/yoast.com\/product\/yoast-seo-wordpress\/ -->\n<title>Certifications - Association of Asset Management Professionals<\/title>\n<meta name=\"description\" content=\"AMP offers a comprehensive set of certifications for asset management professionals. Choose your certification pathway.\" \/>\n<meta name=\"robots\" content=\"index, follow, max-snippet:-1, max-image-preview:large, max-video-preview:-1\" \/>\n<link rel=\"canonical\" href=\"https:\/\/assetmanagementprofessionals.org\/es\/certification\/\" \/>\n<meta property=\"og:locale\" content=\"es_ES\" \/>\n<meta property=\"og:type\" content=\"article\" \/>\n<meta property=\"og:title\" content=\"Certifications - Association of Asset Management Professionals\" \/>\n<meta property=\"og:description\" content=\"AMP offers a comprehensive set of certifications for asset management professionals. Choose your certification pathway.\" \/>\n<meta property=\"og:url\" content=\"https:\/\/assetmanagementprofessionals.org\/es\/certification\/\" \/>\n<meta property=\"og:site_name\" content=\"Association of Asset Management Professionals\" \/>\n<meta property=\"article:modified_time\" content=\"2026-05-07T20:44:03+00:00\" \/>\n<meta property=\"og:image\" content=\"https:\/\/assetmanagementprofessionals.org\/wp-content\/uploads\/2025\/10\/amp-logo.png\" \/>\n\t<meta property=\"og:image:width\" content=\"720\" \/>\n\t<meta property=\"og:image:height\" content=\"226\" \/>\n\t<meta property=\"og:image:type\" content=\"image\/png\" \/>\n<meta name=\"twitter:card\" content=\"summary_large_image\" \/>\n<meta name=\"twitter:label1\" content=\"Tiempo de lectura\" \/>\n\t<meta name=\"twitter:data1\" content=\"1 minuto\" \/>\n<script type=\"application\/ld+json\" class=\"yoast-schema-graph\">{\"@context\":\"https:\\\/\\\/schema.org\",\"@graph\":[{\"@type\":\"WebPage\",\"@id\":\"https:\\\/\\\/assetmanagementprofessionals.org\\\/certification\\\/\",\"url\":\"https:\\\/\\\/assetmanagementprofessionals.org\\\/certification\\\/\",\"name\":\"Certifications - Association of Asset Management Professionals\",\"isPartOf\":{\"@id\":\"https:\\\/\\\/assetmanagementprofessionals.org\\\/#website\"},\"datePublished\":\"2025-11-04T17:25:20+00:00\",\"dateModified\":\"2026-05-07T20:44:03+00:00\",\"description\":\"AMP offers a comprehensive set of certifications for asset management professionals. Choose your certification pathway.\",\"breadcrumb\":{\"@id\":\"https:\\\/\\\/assetmanagementprofessionals.org\\\/certification\\\/#breadcrumb\"},\"inLanguage\":\"es\",\"potentialAction\":[{\"@type\":\"ReadAction\",\"target\":[\"https:\\\/\\\/assetmanagementprofessionals.org\\\/certification\\\/\"]}]},{\"@type\":\"BreadcrumbList\",\"@id\":\"https:\\\/\\\/assetmanagementprofessionals.org\\\/certification\\\/#breadcrumb\",\"itemListElement\":[{\"@type\":\"ListItem\",\"position\":1,\"name\":\"Home\",\"item\":\"https:\\\/\\\/assetmanagementprofessionals.org\\\/\"},{\"@type\":\"ListItem\",\"position\":2,\"name\":\"Certifications\"}]},{\"@type\":\"WebSite\",\"@id\":\"https:\\\/\\\/assetmanagementprofessionals.org\\\/#website\",\"url\":\"https:\\\/\\\/assetmanagementprofessionals.org\\\/\",\"name\":\"Association of Asset Management Professionals\",\"description\":\"\",\"publisher\":{\"@id\":\"https:\\\/\\\/assetmanagementprofessionals.org\\\/#organization\"},\"alternateName\":\"AMP\",\"potentialAction\":[{\"@type\":\"SearchAction\",\"target\":{\"@type\":\"EntryPoint\",\"urlTemplate\":\"https:\\\/\\\/assetmanagementprofessionals.org\\\/?s={search_term_string}\"},\"query-input\":{\"@type\":\"PropertyValueSpecification\",\"valueRequired\":true,\"valueName\":\"search_term_string\"}}],\"inLanguage\":\"es\"},{\"@type\":\"Organization\",\"@id\":\"https:\\\/\\\/assetmanagementprofessionals.org\\\/#organization\",\"name\":\"Association of Asset Management Professionals\",\"url\":\"https:\\\/\\\/assetmanagementprofessionals.org\\\/\",\"logo\":{\"@type\":\"ImageObject\",\"inLanguage\":\"es\",\"@id\":\"https:\\\/\\\/assetmanagementprofessionals.org\\\/#\\\/schema\\\/logo\\\/image\\\/\",\"url\":\"https:\\\/\\\/assetmanagementprofessionals.org\\\/wp-content\\\/uploads\\\/2025\\\/10\\\/amp-logo.png\",\"contentUrl\":\"https:\\\/\\\/assetmanagementprofessionals.org\\\/wp-content\\\/uploads\\\/2025\\\/10\\\/amp-logo.png\",\"width\":720,\"height\":226,\"caption\":\"Association of Asset Management Professionals\"},\"image\":{\"@id\":\"https:\\\/\\\/assetmanagementprofessionals.org\\\/#\\\/schema\\\/logo\\\/image\\\/\"}}]}<\/script>\n<!-- \/ Yoast SEO plugin. -->","yoast_head_json":{"title":"Certifications - Association of Asset Management Professionals","description":"AMP offers a comprehensive set of certifications for asset management professionals. Choose your certification pathway.","robots":{"index":"index","follow":"follow","max-snippet":"max-snippet:-1","max-image-preview":"max-image-preview:large","max-video-preview":"max-video-preview:-1"},"canonical":"https:\/\/assetmanagementprofessionals.org\/es\/certification\/","og_locale":"es_ES","og_type":"article","og_title":"Certifications - Association of Asset Management Professionals","og_description":"AMP offers a comprehensive set of certifications for asset management professionals. Choose your certification pathway.","og_url":"https:\/\/assetmanagementprofessionals.org\/es\/certification\/","og_site_name":"Association of Asset Management Professionals","article_modified_time":"2026-05-07T20:44:03+00:00","og_image":[{"width":720,"height":226,"url":"https:\/\/assetmanagementprofessionals.org\/wp-content\/uploads\/2025\/10\/amp-logo.png","type":"image\/png"}],"twitter_card":"summary_large_image","twitter_misc":{"Tiempo de lectura":"1 minuto"},"schema":{"@context":"https:\/\/schema.org","@graph":[{"@type":"WebPage","@id":"https:\/\/assetmanagementprofessionals.org\/certification\/","url":"https:\/\/assetmanagementprofessionals.org\/certification\/","name":"Certifications - Association of Asset Management Professionals","isPartOf":{"@id":"https:\/\/assetmanagementprofessionals.org\/#website"},"datePublished":"2025-11-04T17:25:20+00:00","dateModified":"2026-05-07T20:44:03+00:00","description":"AMP offers a comprehensive set of certifications for asset management professionals. Choose your certification pathway.","breadcrumb":{"@id":"https:\/\/assetmanagementprofessionals.org\/certification\/#breadcrumb"},"inLanguage":"es","potentialAction":[{"@type":"ReadAction","target":["https:\/\/assetmanagementprofessionals.org\/certification\/"]}]},{"@type":"BreadcrumbList","@id":"https:\/\/assetmanagementprofessionals.org\/certification\/#breadcrumb","itemListElement":[{"@type":"ListItem","position":1,"name":"Home","item":"https:\/\/assetmanagementprofessionals.org\/"},{"@type":"ListItem","position":2,"name":"Certifications"}]},{"@type":"WebSite","@id":"https:\/\/assetmanagementprofessionals.org\/#website","url":"https:\/\/assetmanagementprofessionals.org\/","name":"Association of Asset Management Professionals","description":"","publisher":{"@id":"https:\/\/assetmanagementprofessionals.org\/#organization"},"alternateName":"AMP","potentialAction":[{"@type":"SearchAction","target":{"@type":"EntryPoint","urlTemplate":"https:\/\/assetmanagementprofessionals.org\/?s={search_term_string}"},"query-input":{"@type":"PropertyValueSpecification","valueRequired":true,"valueName":"search_term_string"}}],"inLanguage":"es"},{"@type":"Organization","@id":"https:\/\/assetmanagementprofessionals.org\/#organization","name":"Association of Asset Management Professionals","url":"https:\/\/assetmanagementprofessionals.org\/","logo":{"@type":"ImageObject","inLanguage":"es","@id":"https:\/\/assetmanagementprofessionals.org\/#\/schema\/logo\/image\/","url":"https:\/\/assetmanagementprofessionals.org\/wp-content\/uploads\/2025\/10\/amp-logo.png","contentUrl":"https:\/\/assetmanagementprofessionals.org\/wp-content\/uploads\/2025\/10\/amp-logo.png","width":720,"height":226,"caption":"Association of Asset Management Professionals"},"image":{"@id":"https:\/\/assetmanagementprofessionals.org\/#\/schema\/logo\/image\/"}}]}},"ticketed":false,"_links":{"self":[{"href":"https:\/\/assetmanagementprofessionals.org\/es\/wp-json\/wp\/v2\/pages\/43033","targetHints":{"allow":["GET"]}}],"collection":[{"href":"https:\/\/assetmanagementprofessionals.org\/es\/wp-json\/wp\/v2\/pages"}],"about":[{"href":"https:\/\/assetmanagementprofessionals.org\/es\/wp-json\/wp\/v2\/types\/page"}],"author":[{"embeddable":true,"href":"https:\/\/assetmanagementprofessionals.org\/es\/wp-json\/wp\/v2\/users\/1"}],"replies":[{"embeddable":true,"href":"https:\/\/assetmanagementprofessionals.org\/es\/wp-json\/wp\/v2\/comments?post=43033"}],"version-history":[{"count":68,"href":"https:\/\/assetmanagementprofessionals.org\/es\/wp-json\/wp\/v2\/pages\/43033\/revisions"}],"predecessor-version":[{"id":48157,"href":"https:\/\/assetmanagementprofessionals.org\/es\/wp-json\/wp\/v2\/pages\/43033\/revisions\/48157"}],"wp:attachment":[{"href":"https:\/\/assetmanagementprofessionals.org\/es\/wp-json\/wp\/v2\/media?parent=43033"}],"curies":[{"name":"wp","href":"https:\/\/api.w.org\/{rel}","templated":true}]}}